{"id":1693,"date":"2025-07-28T14:00:32","date_gmt":"2025-07-28T14:00:32","guid":{"rendered":"https:\/\/bambucentrodestetica.com\/?post_type=product&#038;p=1693"},"modified":"2025-07-28T14:00:32","modified_gmt":"2025-07-28T14:00:32","slug":"pack-reduccion","status":"publish","type":"product","link":"https:\/\/bambucentrodestetica.com\/index.php\/producto\/pack-reduccion\/","title":{"rendered":"PACK REDUCCI\u00d3N"},"content":{"rendered":"","protected":false},"excerpt":{"rendered":"<ul>\n<li data-start=\"141\" data-end=\"158\">\n<p data-start=\"144\" data-end=\"158\">Vacumterapia<\/p>\n<\/li>\n<li data-start=\"159\" data-end=\"182\">\n<p data-start=\"162\" data-end=\"182\">Mio Up tonificante<\/p>\n<\/li>\n<li data-start=\"183\" data-end=\"207\">\n<p data-start=\"186\" data-end=\"207\">Criolip\u00f3lisis plana<\/p>\n<\/li>\n<li data-start=\"208\" data-end=\"220\">\n<p data-start=\"211\" data-end=\"220\">Crioradio<\/p>\n<\/li>\n<\/ul>\n","protected":false},"featured_media":1694,"template":"","meta":{"site-sidebar-layout":"default","site-content-layout":"","ast-site-content-layout":"default","site-content-style":"default","site-sidebar-style":"default","ast-global-header-display":"","ast-banner-title-visibility":"","ast-main-header-display":"","ast-hfb-above-header-display":"","ast-hfb-below-header-display":"","ast-hfb-mobile-header-display":"","site-post-title":"","ast-breadcrumbs-content":"","ast-featured-img":"","footer-sml-layout":"","theme-transparent-header-meta":"default","adv-header-id-meta":"","stick-header-meta":"","header-above-stick-meta":"","header-main-stick-meta":"","header-below-stick-meta":"","astra-migrate-meta-layouts":"set","ast-page-background-enabled":"default","ast-page-background-meta":{"desktop":{"background-color":"var(--ast-global-color-4)","background-image":"","background-repeat":"repeat","background-position":"center center","background-size":"auto","background-attachment":"scroll","background-type":"","background-media":"","overlay-type":"","overlay-color":"","overlay-opacity":"","overlay-gradient":""},"tablet":{"background-color":"","background-image":"","background-repeat":"repeat","background-position":"center center","background-size":"auto","background-attachment":"scroll","background-type":"","background-media":"","overlay-type":"","overlay-color":"","overlay-opacity":"","overlay-gradient":""},"mobile":{"background-color":"","background-image":"","background-repeat":"repeat","background-position":"center center","background-size":"auto","background-attachment":"scroll","background-type":"","background-media":"","overlay-type":"","overlay-color":"","overlay-opacity":"","overlay-gradient":""}},"ast-content-background-meta":{"desktop":{"background-color":"var(--ast-global-color-5)","background-image":"","background-repeat":"repeat","background-position":"center center","background-size":"auto","background-attachment":"scroll","background-type":"","background-media":"","overlay-type":"","overlay-color":"","overlay-opacity":"","overlay-gradient":""},"tablet":{"background-color":"var(--ast-global-color-5)","background-image":"","background-repeat":"repeat","background-position":"center center","background-size":"auto","background-attachment":"scroll","background-type":"","background-media":"","overlay-type":"","overlay-color":"","overlay-opacity":"","overlay-gradient":""},"mobile":{"background-color":"var(--ast-global-color-5)","background-image":"","background-repeat":"repeat","background-position":"center center","background-size":"auto","background-attachment":"scroll","background-type":"","background-media":"","overlay-type":"","overlay-color":"","overlay-opacity":"","overlay-gradient":""}},"_joinchat":[]},"product_brand":[],"product_cat":[27],"product_tag":[],"giftcard-category":[],"class_list":{"0":"post-1693","1":"product","2":"type-product","3":"status-publish","4":"has-post-thumbnail","6":"product_cat-promociones","7":"desktop-align-left","8":"tablet-align-left","9":"mobile-align-left","11":"first","12":"instock","13":"shipping-taxable","14":"purchasable","15":"product-type-simple"},"yoast_head":"<!-- This site is optimized with the Yoast SEO plugin v25.6 - https:\/\/yoast.com\/wordpress\/plugins\/seo\/ -->\n<title>PACK REDUCCI\u00d3N - Bamb\u00fa centro de est\u00e9tica<\/title>\n<meta name=\"robots\" content=\"index, follow, max-snippet:-1, max-image-preview:large, max-video-preview:-1\" \/>\n<link rel=\"canonical\" href=\"https:\/\/bambucentrodestetica.com\/index.php\/producto\/pack-reduccion\/\" \/>\n<meta property=\"og:locale\" content=\"es_ES\" \/>\n<meta property=\"og:type\" content=\"article\" \/>\n<meta property=\"og:title\" content=\"PACK REDUCCI\u00d3N - Bamb\u00fa centro de est\u00e9tica\" \/>\n<meta property=\"og:description\" content=\"Vacumterapia    Mio Up tonificante    Criolip\u00f3lisis plana    Crioradio\" \/>\n<meta property=\"og:url\" content=\"https:\/\/bambucentrodestetica.com\/index.php\/producto\/pack-reduccion\/\" \/>\n<meta property=\"og:site_name\" content=\"Bamb\u00fa centro de est\u00e9tica\" \/>\n<meta property=\"article:publisher\" content=\"https:\/\/www.facebook.com\/esteticabambubambu\" \/>\n<meta property=\"og:image\" content=\"http:\/\/bambucentrodestetica.com\/wp-content\/uploads\/2025\/07\/PACK-REDUCCION.jpg\" \/>\n\t<meta property=\"og:image:width\" content=\"480\" \/>\n\t<meta property=\"og:image:height\" content=\"600\" \/>\n\t<meta property=\"og:image:type\" content=\"image\/jpeg\" \/>\n<meta name=\"twitter:card\" content=\"summary_large_image\" \/>\n<meta name=\"twitter:label1\" content=\"Tiempo de lectura\" \/>\n\t<meta name=\"twitter:data1\" content=\"1 minuto\" \/>\n<script type=\"application\/ld+json\" class=\"yoast-schema-graph\">{\"@context\":\"https:\/\/schema.org\",\"@graph\":[{\"@type\":\"WebPage\",\"@id\":\"https:\/\/bambucentrodestetica.com\/index.php\/producto\/pack-reduccion\/\",\"url\":\"https:\/\/bambucentrodestetica.com\/index.php\/producto\/pack-reduccion\/\",\"name\":\"PACK REDUCCI\u00d3N - Bamb\u00fa centro de est\u00e9tica\",\"isPartOf\":{\"@id\":\"https:\/\/bambucentrodestetica.com\/#website\"},\"primaryImageOfPage\":{\"@id\":\"https:\/\/bambucentrodestetica.com\/index.php\/producto\/pack-reduccion\/#primaryimage\"},\"image\":{\"@id\":\"https:\/\/bambucentrodestetica.com\/index.php\/producto\/pack-reduccion\/#primaryimage\"},\"thumbnailUrl\":\"https:\/\/bambucentrodestetica.com\/wp-content\/uploads\/2025\/07\/PACK-REDUCCION.jpg\",\"datePublished\":\"2025-07-28T14:00:32+00:00\",\"breadcrumb\":{\"@id\":\"https:\/\/bambucentrodestetica.com\/index.php\/producto\/pack-reduccion\/#breadcrumb\"},\"inLanguage\":\"es\",\"potentialAction\":[{\"@type\":\"ReadAction\",\"target\":[\"https:\/\/bambucentrodestetica.com\/index.php\/producto\/pack-reduccion\/\"]}]},{\"@type\":\"ImageObject\",\"inLanguage\":\"es\",\"@id\":\"https:\/\/bambucentrodestetica.com\/index.php\/producto\/pack-reduccion\/#primaryimage\",\"url\":\"https:\/\/bambucentrodestetica.com\/wp-content\/uploads\/2025\/07\/PACK-REDUCCION.jpg\",\"contentUrl\":\"https:\/\/bambucentrodestetica.com\/wp-content\/uploads\/2025\/07\/PACK-REDUCCION.jpg\",\"width\":480,\"height\":600},{\"@type\":\"BreadcrumbList\",\"@id\":\"https:\/\/bambucentrodestetica.com\/index.php\/producto\/pack-reduccion\/#breadcrumb\",\"itemListElement\":[{\"@type\":\"ListItem\",\"position\":1,\"name\":\"Portada\",\"item\":\"https:\/\/bambucentrodestetica.com\/\"},{\"@type\":\"ListItem\",\"position\":2,\"name\":\"Tienda\",\"item\":\"https:\/\/bambucentrodestetica.com\/index.php\/tienda\/\"},{\"@type\":\"ListItem\",\"position\":3,\"name\":\"PACK REDUCCI\u00d3N\"}]},{\"@type\":\"WebSite\",\"@id\":\"https:\/\/bambucentrodestetica.com\/#website\",\"url\":\"https:\/\/bambucentrodestetica.com\/\",\"name\":\"Bamb\u00fa centro de est\u00e9tica\",\"description\":\"Medicina est\u00e9tica - Dermapen - Est\u00e9tica corporal - Masajes - cejas - pesta\u00f1as . Masajes  - Cosmetologia y mucho m\u00e1s.\",\"publisher\":{\"@id\":\"https:\/\/bambucentrodestetica.com\/#organization\"},\"potentialAction\":[{\"@type\":\"SearchAction\",\"target\":{\"@type\":\"EntryPoint\",\"urlTemplate\":\"https:\/\/bambucentrodestetica.com\/?s={search_term_string}\"},\"query-input\":{\"@type\":\"PropertyValueSpecification\",\"valueRequired\":true,\"valueName\":\"search_term_string\"}}],\"inLanguage\":\"es\"},{\"@type\":\"Organization\",\"@id\":\"https:\/\/bambucentrodestetica.com\/#organization\",\"name\":\"Centro de est\u00e9tica Bamb\u00fa\",\"url\":\"https:\/\/bambucentrodestetica.com\/\",\"logo\":{\"@type\":\"ImageObject\",\"inLanguage\":\"es\",\"@id\":\"https:\/\/bambucentrodestetica.com\/#\/schema\/logo\/image\/\",\"url\":\"http:\/\/bambucentrodestetica.com\/wp-content\/uploads\/2021\/08\/LOGO.png\",\"contentUrl\":\"http:\/\/bambucentrodestetica.com\/wp-content\/uploads\/2021\/08\/LOGO.png\",\"width\":800,\"height\":361,\"caption\":\"Centro de est\u00e9tica Bamb\u00fa\"},\"image\":{\"@id\":\"https:\/\/bambucentrodestetica.com\/#\/schema\/logo\/image\/\"},\"sameAs\":[\"https:\/\/www.facebook.com\/esteticabambubambu\",\"https:\/\/www.instagram.com\/bambucentro\/?hl=es\"]}]}<\/script>\n<!-- \/ Yoast SEO plugin. -->","yoast_head_json":{"title":"PACK REDUCCI\u00d3N - Bamb\u00fa centro de est\u00e9tica","robots":{"index":"index","follow":"follow","max-snippet":"max-snippet:-1","max-image-preview":"max-image-preview:large","max-video-preview":"max-video-preview:-1"},"canonical":"https:\/\/bambucentrodestetica.com\/index.php\/producto\/pack-reduccion\/","og_locale":"es_ES","og_type":"article","og_title":"PACK REDUCCI\u00d3N - Bamb\u00fa centro de est\u00e9tica","og_description":"Vacumterapia    Mio Up tonificante    Criolip\u00f3lisis plana    Crioradio","og_url":"https:\/\/bambucentrodestetica.com\/index.php\/producto\/pack-reduccion\/","og_site_name":"Bamb\u00fa centro de est\u00e9tica","article_publisher":"https:\/\/www.facebook.com\/esteticabambubambu","og_image":[{"width":480,"height":600,"url":"http:\/\/bambucentrodestetica.com\/wp-content\/uploads\/2025\/07\/PACK-REDUCCION.jpg","type":"image\/jpeg"}],"twitter_card":"summary_large_image","twitter_misc":{"Tiempo de lectura":"1 minuto"},"schema":{"@context":"https:\/\/schema.org","@graph":[{"@type":"WebPage","@id":"https:\/\/bambucentrodestetica.com\/index.php\/producto\/pack-reduccion\/","url":"https:\/\/bambucentrodestetica.com\/index.php\/producto\/pack-reduccion\/","name":"PACK REDUCCI\u00d3N - Bamb\u00fa centro de est\u00e9tica","isPartOf":{"@id":"https:\/\/bambucentrodestetica.com\/#website"},"primaryImageOfPage":{"@id":"https:\/\/bambucentrodestetica.com\/index.php\/producto\/pack-reduccion\/#primaryimage"},"image":{"@id":"https:\/\/bambucentrodestetica.com\/index.php\/producto\/pack-reduccion\/#primaryimage"},"thumbnailUrl":"https:\/\/bambucentrodestetica.com\/wp-content\/uploads\/2025\/07\/PACK-REDUCCION.jpg","datePublished":"2025-07-28T14:00:32+00:00","breadcrumb":{"@id":"https:\/\/bambucentrodestetica.com\/index.php\/producto\/pack-reduccion\/#breadcrumb"},"inLanguage":"es","potentialAction":[{"@type":"ReadAction","target":["https:\/\/bambucentrodestetica.com\/index.php\/producto\/pack-reduccion\/"]}]},{"@type":"ImageObject","inLanguage":"es","@id":"https:\/\/bambucentrodestetica.com\/index.php\/producto\/pack-reduccion\/#primaryimage","url":"https:\/\/bambucentrodestetica.com\/wp-content\/uploads\/2025\/07\/PACK-REDUCCION.jpg","contentUrl":"https:\/\/bambucentrodestetica.com\/wp-content\/uploads\/2025\/07\/PACK-REDUCCION.jpg","width":480,"height":600},{"@type":"BreadcrumbList","@id":"https:\/\/bambucentrodestetica.com\/index.php\/producto\/pack-reduccion\/#breadcrumb","itemListElement":[{"@type":"ListItem","position":1,"name":"Portada","item":"https:\/\/bambucentrodestetica.com\/"},{"@type":"ListItem","position":2,"name":"Tienda","item":"https:\/\/bambucentrodestetica.com\/index.php\/tienda\/"},{"@type":"ListItem","position":3,"name":"PACK REDUCCI\u00d3N"}]},{"@type":"WebSite","@id":"https:\/\/bambucentrodestetica.com\/#website","url":"https:\/\/bambucentrodestetica.com\/","name":"Bamb\u00fa centro de est\u00e9tica","description":"Medicina est\u00e9tica - Dermapen - Est\u00e9tica corporal - Masajes - cejas - pesta\u00f1as . Masajes  - Cosmetologia y mucho m\u00e1s.","publisher":{"@id":"https:\/\/bambucentrodestetica.com\/#organization"},"potentialAction":[{"@type":"SearchAction","target":{"@type":"EntryPoint","urlTemplate":"https:\/\/bambucentrodestetica.com\/?s={search_term_string}"},"query-input":{"@type":"PropertyValueSpecification","valueRequired":true,"valueName":"search_term_string"}}],"inLanguage":"es"},{"@type":"Organization","@id":"https:\/\/bambucentrodestetica.com\/#organization","name":"Centro de est\u00e9tica Bamb\u00fa","url":"https:\/\/bambucentrodestetica.com\/","logo":{"@type":"ImageObject","inLanguage":"es","@id":"https:\/\/bambucentrodestetica.com\/#\/schema\/logo\/image\/","url":"http:\/\/bambucentrodestetica.com\/wp-content\/uploads\/2021\/08\/LOGO.png","contentUrl":"http:\/\/bambucentrodestetica.com\/wp-content\/uploads\/2021\/08\/LOGO.png","width":800,"height":361,"caption":"Centro de est\u00e9tica Bamb\u00fa"},"image":{"@id":"https:\/\/bambucentrodestetica.com\/#\/schema\/logo\/image\/"},"sameAs":["https:\/\/www.facebook.com\/esteticabambubambu","https:\/\/www.instagram.com\/bambucentro\/?hl=es"]}]}},"_links":{"self":[{"href":"https:\/\/bambucentrodestetica.com\/index.php\/wp-json\/wp\/v2\/product\/1693"}],"collection":[{"href":"https:\/\/bambucentrodestetica.com\/index.php\/wp-json\/wp\/v2\/product"}],"about":[{"href":"https:\/\/bambucentrodestetica.com\/index.php\/wp-json\/wp\/v2\/types\/product"}],"wp:featuredmedia":[{"embeddable":true,"href":"https:\/\/bambucentrodestetica.com\/index.php\/wp-json\/wp\/v2\/media\/1694"}],"wp:attachment":[{"href":"https:\/\/bambucentrodestetica.com\/index.php\/wp-json\/wp\/v2\/media?parent=1693"}],"wp:term":[{"taxonomy":"product_brand","embeddable":true,"href":"https:\/\/bambucentrodestetica.com\/index.php\/wp-json\/wp\/v2\/product_brand?post=1693"},{"taxonomy":"product_cat","embeddable":true,"href":"https:\/\/bambucentrodestetica.com\/index.php\/wp-json\/wp\/v2\/product_cat?post=1693"},{"taxonomy":"product_tag","embeddable":true,"href":"https:\/\/bambucentrodestetica.com\/index.php\/wp-json\/wp\/v2\/product_tag?post=1693"},{"taxonomy":"giftcard-category","embeddable":true,"href":"https:\/\/bambucentrodestetica.com\/index.php\/wp-json\/wp\/v2\/giftcard-category?post=1693"}],"curies":[{"name":"wp","href":"https:\/\/api.w.org\/{rel}","templated":true}]}}